{"id":1331,"date":"2025-06-12T10:29:01","date_gmt":"2025-06-12T10:29:01","guid":{"rendered":"https:\/\/atelierlyo.com\/soluciones\/"},"modified":"2026-02-20T19:37:24","modified_gmt":"2026-02-20T19:37:24","slug":"soluciones","status":"publish","type":"page","link":"https:\/\/atelierlyo.com\/en\/soluciones\/","title":{"rendered":"Soluciones"},"content":{"rendered":"<section class=\"header_15_3 background-1-dark\" id=\"\" data-block-id=\"69dcec4776d8d69dcec4776d8e\" data-block-name=\"acf\/header-15-3\" data-post-id=\"1331\" data-stable-id=\"block_16883ea849dd992d1ebafb4e904a5506\">\r\n    <div class=\"container\" data-aos=\"fade-up\">\r\n        <div class=\"row\">\r\n            <div class=\"col header_15_3-center\">\r\n                                <h1 class=\"tamano2 color-2-headings-light\">Mucho m\u00e1s que medicina est\u00e9tica: artesan\u00eda<\/h1>\r\n                                            <\/div>\r\n        <\/div>\r\n    <\/div>\r\n<\/section>\r\n<style>\r\n    .header_15_3 .col {\r\n        max-width: 895px;\r\n    }\r\n\r\n    .header_15_3 .mask {\r\n        background: rgba(18, 18, 18, 0.50);\r\n        position: absolute;\r\n        top: 0;\r\n        left: 0;\r\n        width: 100%;\r\n        height: 100%;\r\n    }\r\n\r\n    .header_15_3 h1 {\r\n        padding-bottom: 25px;\r\n    }\r\n\r\n    .header_15_3 {\r\n        position: relative;\r\n        min-height: 500px;\r\n        padding: 150px 0;\r\n        display: flex;\r\n        align-items: center;\r\n        padding-top: 195px\r\n    }\r\n\r\n    .header_15_3-center {\r\n        text-align: center;\r\n        margin: 0 auto;\r\n    }\r\n\r\n    @media (max-width:992px) {\r\n        .header_15_3 {\r\n            padding: 100px 0;\r\n            min-height: auto;\r\n        }\r\n    }\r\n\r\n    @media (max-width:768px) {\r\n        .header_15_3 h1 {\r\n            line-height: var(--tamano3-line-height);\r\n        }\r\n    }\r\n<\/style>\r\n<section class=\"services_curvy1_13_4_2 background-1-dark\" id=\"\" data-block-id=\"69dcec477822169dcec4778222\" data-block-name=\"acf\/services-curvy1-13-4-2\" data-post-id=\"1331\" data-stable-id=\"block_b578263ee9cbafb8dbbf416263e53ef7\">\r\n    <div class=\"container\">\r\n        <div class=\"row\">\r\n            <div class=\"col\">\r\n                                <h2 class=\"tamano3 color-2-headings-light\"><span class=\"ez-toc-section\" id=\"Nuestras_soluciones\"><\/span>Nuestras soluciones<span class=\"ez-toc-section-end\"><\/span><\/h2>\r\n                                                <div class=\"texto-top tamano7 color-2-headings-light\"><p>Lorem ipsum dolor sit amet consectetur. Amet euismod pharetra rhoncus mi quis sodales tempus vulputate.<\/p>\n<\/div>\r\n                            <\/div>\r\n        <\/div>\r\n        <div class=\"row row-servicios\">\r\n            <div class=\"col col-servicios\">\r\n                                                                                    <a class=\"servicio-item\" href=\"https:\/\/atelierlyo.com\/en\/tratamientos-quirurgicos\/\">\r\n                            <div class=\"imagencont\">\r\n                                <div class=\"imagen\" style=\"background-image:url('https:\/\/atelierlyo.com\/wp-content\/dg-theme-addons\/services_curvy1_13-4-2\/\/521x668.jpg');\"><\/div>\r\n                            <\/div>\r\n                                                        <h3 class=\"tamano4 color-2-headings-light\">Tratamientos quir\u00fargicos<\/h3>\r\n                                                                                <\/a>\r\n                                                                    <a class=\"servicio-item\" href=\"https:\/\/atelierlyo.com\/en\/tratamientos-medicos\/\">\r\n                            <div class=\"imagencont\">\r\n                                <div class=\"imagen\" style=\"background-image:url('https:\/\/atelierlyo.com\/wp-content\/dg-theme-addons\/services_curvy1_13-4-2\/\/521x668.jpg');\"><\/div>\r\n                            <\/div>\r\n                                                        <h3 class=\"tamano4 color-2-headings-light\">Tratamientos m\u00e9dicos<\/h3>\r\n                                                                                <\/a>\r\n                                            <\/div>\r\n                <div class=\"col col-cta\">\r\n            <a class=\"btn-round tamano-7-mediumcta color-boton-3-texto-normal color-boton-3-normal color-boton-3-texto-hover color-boton-3-hover\"\r\n                href=\"#\" target=\"\">Lorem ipsum<\/a>\r\n        <\/div>\r\n            <\/div>\r\n<\/section>\r\n<style>\r\n    .services_curvy1_13_4_2 .col-cta {\r\n        text-align: center;\r\n    }\r\n\r\n    .services_curvy1_13_4_2 .btn-round {\r\n        border-radius: 60px;\r\n        padding: 12px 25px;\r\n        display: inline-block;\r\n        margin-top: 55px;\r\n        min-width: 175px;\r\n        text-align: center;\r\n        transition: all ease .3s;\r\n        text-decoration: none;\r\n        transform: none;\r\n    }\r\n\r\n     .services_curvy1_13_4_2 .servicio-item h3 {\r\n        padding-bottom: 20px;\r\n    }\r\n\r\n    .services_curvy1_13_4_2 .col-servicios {\r\n        display: flex;\r\n        gap: 30px;\r\n        flex-wrap: wrap;\r\n        row-gap: 60px;\r\n    }\r\n\r\n    .services_curvy1_13_4_2 .servicio-item {\r\n        text-decoration: none;\r\n        width: calc(33.33% - 20px);\r\n    }\r\n\r\n    .services_curvy1_13_4_2 .servicio-item .imagencont {\r\n        margin-bottom: 24px;\r\n        overflow: hidden;\r\n        border-radius: 30px;\r\n    }\r\n\r\n     .services_curvy1_13_4_2 .servicio-item:hover .imagen {\r\n        transform: scale(1.1);\r\n    }\r\n\r\n    .services_curvy1_13_4_2 .servicio-item .imagen {\r\n        transform: none;\r\n        transition: all ease .3s;\r\n        aspect-ratio: 586 \/ 373;\r\n        width: 100%;\r\n        height: auto;\r\n        background-position: center;\r\n        background-repeat: no-repeat;\r\n        background-size: cover;\r\n        border-radius: 30px;\r\n    }\r\n\r\n     .services_curvy1_13_4_2 .servicio-item .imagencont .video {\r\n        width: 100%;\r\n        height: 100%;\r\n        overflow: hidden;\r\n        border-radius: 30px;\r\n        position: relative;\r\n        padding-bottom: 64%;\r\n    }\r\n\r\n     .services_curvy1_13_4_2 .servicio-item .imagencont .video iframe {\r\n        width: 100%;\r\n        height: 100%;\r\n        border: none;\r\n        position: absolute;\r\n        top: 0;\r\n        left: 0;\r\n    }\r\n\r\n    .services_curvy1_13_4_2 h2 {\r\n        padding-bottom: 5px;\r\n        max-width: 585px;\r\n        margin: 0 auto;\r\n        text-align: center;\r\n    }\r\n\r\n    .services_curvy1_13_4_2 .texto-top {\r\n        padding-bottom: 60px;\r\n        max-width: 895px;\r\n        margin: 0 auto;\r\n        text-align: center;\r\n    }\r\n\r\n    .services_curvy1_13_4_2 {\r\n        padding: 80px 0;\r\n    }\r\n\r\n    @media (max-width:1200px) {\r\n        .services_curvy1_13_4_2 .servicio-item {\r\n            width: calc(50% - 15px);\r\n        }\r\n    }\r\n\r\n    @media (max-width:992px) {\r\n        .services_curvy1_13_4_2 .col-servicios {\r\n            row-gap: 30px;\r\n        }\r\n\r\n        .services_curvy1_13_4_2 h2 {\r\n            padding-bottom: 20px;\r\n        }\r\n\r\n        .services_curvy1_13_4_2 .texto-top {\r\n            padding-bottom: 35px;\r\n        }\r\n\r\n        .services_curvy1_13_4_2 {\r\n            padding: 40px 0;\r\n        }\r\n    }\r\n\r\n    @media (max-width:768px) {\r\n        .services_curvy1_13_4_2 .servicio-item {\r\n            width: 100%;\r\n        }\r\n\r\n        .services_curvy1_13_4_2 .servicio-item .imagencont .video iframe {\r\n            min-height: 310px;\r\n        }\r\n    }\r\n<\/style>\r\n<section class=\"cta_curvy1_3_2_2 background-1-dark\" id=\"\" data-block-id=\"69dcec477c85169dcec477c852\" data-block-name=\"acf\/cta-curvy1-3-2-2\" data-post-id=\"1331\" data-stable-id=\"block_c89c9d882da7ce548fc51c35ff22473a\">\r\n    <div class=\"container\">\r\n        <div class=\"row\">\r\n            <div class=\"col\">\r\n                <div class=\"inner background-1-light\">\r\n                                        <div class=\"titulo\">\r\n                        <h2 class=\"tamano3 color-1-headings-dark\"><span class=\"ez-toc-section\" id=\"Lorem_ipsum_dolor_sit_amet\"><\/span>Lorem ipsum dolor sit amet<span class=\"ez-toc-section-end\"><\/span><\/h2>\r\n                    <\/div>\r\n                                                            <div class=\"texto color-1-body-dark tamano7\"><p>Lorem ipsum dolor sit amet consectetur. Amet id dignissim id accumsan. Consequat feugiat ultrices ut tristique et proin. Vulputate diam quis nisl commodo. Quis tincidunt non quis sodales. Quis sed velit id arcu aenean.<\/p>\n<\/div>\r\n                    \r\n                                            <div class=\"ctas\">\r\n                                                            <a href=\"#\" target=\"\" class=\"btn-round tamano-7-mediumcta color-boton-1-texto-normal color-boton-1-texto-hover color-boton-1-normal color-boton-1-hover\">\r\n    \r\n    <span>Lorem ipsum<\/span>\r\n<\/a>\r\n\r\n<style>\r\n    .btn-border-rounded {\r\n        border-radius: 12px !important;\r\n    }\r\n\r\n    .btn-border-square {\r\n        border-radius: 0 !important;\r\n    }\r\n\r\n    \/* Estilos de hover *\/\r\n    .btn-hover-hover1:hover {\r\n        filter: contrast(0.55);\r\n    }\r\n\r\n    .btn-hover-hover2:hover {\r\n        filter: sepia(2);\r\n    }\r\n\r\n    \/* Estilos del icono cuando existe *\/\r\n    a i {\r\n        margin-right: 8px;\r\n        font-size: 16px;\r\n    }\r\n\r\n    \/* Icono Lucide *\/\r\n    .btn-icon--lucide {\r\n        display: inline-flex;\r\n        align-items: center;\r\n        justify-content: center;\r\n        margin-right: 8px;\r\n    }\r\n\r\n    .btn-icon--lucide svg {\r\n        width: 16px;\r\n        height: 16px;\r\n        display: block;\r\n    }\r\n<\/style>\r\n                                                    <\/div>\r\n                                    <\/div>\r\n            <\/div>\r\n        <\/div>\r\n    <\/div>\r\n<\/section>\r\n<style>\r\n    .cta_curvy1_3_2_2 .inner {\r\n        display: flex;\r\n        gap: 30px;\r\n        border-radius: 30px;\r\n        align-items: center;\r\n        padding: 55px 150px;\r\n        justify-content: space-between;\r\n    }\r\n\r\n     .cta_curvy1_3_2_2 .titulo {\r\n        max-width: 430px;\r\n        width: 100%;\r\n    }\r\n\r\n    .cta_curvy1_3_2_2 .texto {\r\n        max-width: 660px;\r\n        text-align: left;\r\n        width: 100%;\r\n    }\r\n\r\n    .cta_curvy1_3_2_2 {\r\n        padding: 80px 0;\r\n        position: relative;\r\n    }\r\n\r\n    .cta_curvy1_3_2_2 .btn-round {\r\n        border-radius: 60px;\r\n        padding: 15px 30px;\r\n        display: inline-block;\r\n        text-align: center;\r\n        transition: all ease .3s;\r\n        text-decoration: none;\r\n        min-width: 278px;\r\n        display: flex;\r\n        align-items: center;\r\n        justify-content: center;\r\n    }\r\n\r\n    @media (max-width:1750px) {\r\n        .cta_curvy1_3_2_2 .texto {\r\n            max-width: 500px;\r\n        }\r\n    }\r\n\r\n    @media (max-width:1600px) {\r\n        .cta_curvy1_3_2_2 .inner {\r\n            padding-left: 50px;\r\n            padding-right: 50px;\r\n        }\r\n    }\r\n\r\n    @media (max-width:1400px) {\r\n        .cta_curvy1_3_2_2 .texto {\r\n            max-width: 100%;\r\n        }\r\n\r\n        .cta_curvy1_3_2_2 .titulo {\r\n            width: 100%;\r\n        }\r\n    }\r\n\r\n    @media (max-width:1200px) {\r\n        .cta_curvy1_3_2_2 .inner {\r\n            padding-left: 15px;\r\n            padding-right: 15px;\r\n        }\r\n    }\r\n\r\n    @media (max-width:992px) {\r\n        .cta_curvy1_3_2_2 .col .inner {\r\n            border-radius: 30px;\r\n            flex-direction: column;\r\n            align-items: center;\r\n            justify-content: center;\r\n        }\r\n\r\n         .cta_curvy1_3_2_2 .col .inner>* {\r\n            width: 100%;\r\n            max-width: 100%;\r\n            text-align: center;\r\n        }\r\n\r\n        .cta_curvy1_3_2_2 .col .ctas {\r\n            display: flex;\r\n            align-items: center;\r\n            justify-content: center;\r\n        }\r\n\r\n        .cta_curvy1_3_2_2 .col {\r\n            flex-direction: column;\r\n            justify-content: center;\r\n            align-items: center;\r\n        }\r\n\r\n        .cta_curvy1_3_2_2 {\r\n            padding: 40px 0;\r\n        }\r\n    }\r\n<\/style>\r\n","protected":false},"excerpt":{"rendered":"","protected":false},"author":1,"featured_media":0,"parent":0,"menu_order":0,"comment_status":"open","ping_status":"closed","template":"","meta":{"_acf_changed":false,"iawp_total_views":0,"footnotes":""},"class_list":["post-1331","page","type-page","status-publish","hentry"],"acf":[],"yoast_head":"<!-- This site is optimized with the Yoast SEO plugin v27.3 - https:\/\/yoast.com\/product\/yoast-seo-wordpress\/ -->\n<title>Medicina Est\u00e9tica Artesanal - Attica Clinic<\/title>\n<meta name=\"description\" content=\"Descubre tratamientos m\u00e9dicos y quir\u00fargicos personalizados que integran artesan\u00eda y ciencia en Attica Clinic. Soluciones de salud y belleza \u00fanicas.\" \/>\n<meta name=\"robots\" content=\"index, follow, max-snippet:-1, max-image-preview:large, max-video-preview:-1\" \/>\n<link rel=\"canonical\" href=\"https:\/\/atelierlyo.com\/en\/soluciones\/\" \/>\n<meta property=\"og:locale\" content=\"en_US\" \/>\n<meta property=\"og:type\" content=\"article\" \/>\n<meta property=\"og:title\" content=\"Medicina Est\u00e9tica Artesanal - Attica Clinic\" \/>\n<meta property=\"og:description\" content=\"Descubre tratamientos m\u00e9dicos y quir\u00fargicos personalizados que integran artesan\u00eda y ciencia en Attica Clinic. Soluciones de salud y belleza \u00fanicas.\" \/>\n<meta property=\"og:url\" content=\"https:\/\/atelierlyo.com\/en\/soluciones\/\" \/>\n<meta property=\"og:site_name\" content=\"Attica Clinic\" \/>\n<meta property=\"article:modified_time\" content=\"2026-02-20T19:37:24+00:00\" \/>\n<meta name=\"twitter:card\" content=\"summary_large_image\" \/>\n<!-- \/ Yoast SEO plugin. -->","yoast_head_json":{"title":"Medicina Est\u00e9tica Artesanal - Attica Clinic","description":"Descubre tratamientos m\u00e9dicos y quir\u00fargicos personalizados que integran artesan\u00eda y ciencia en Attica Clinic. Soluciones de salud y belleza \u00fanicas.","robots":{"index":"index","follow":"follow","max-snippet":"max-snippet:-1","max-image-preview":"max-image-preview:large","max-video-preview":"max-video-preview:-1"},"canonical":"https:\/\/atelierlyo.com\/en\/soluciones\/","og_locale":"en_US","og_type":"article","og_title":"Medicina Est\u00e9tica Artesanal - Attica Clinic","og_description":"Descubre tratamientos m\u00e9dicos y quir\u00fargicos personalizados que integran artesan\u00eda y ciencia en Attica Clinic. Soluciones de salud y belleza \u00fanicas.","og_url":"https:\/\/atelierlyo.com\/en\/soluciones\/","og_site_name":"Attica Clinic","article_modified_time":"2026-02-20T19:37:24+00:00","twitter_card":"summary_large_image","schema":{"@context":"https:\/\/schema.org","@graph":[{"@type":"WebPage","@id":"https:\/\/atelierlyo.com\/en\/soluciones\/","url":"https:\/\/atelierlyo.com\/en\/soluciones\/","name":"Medicina Est\u00e9tica Artesanal - Attica Clinic","isPartOf":{"@id":"https:\/\/atelierlyo.com\/en\/#website"},"datePublished":"2025-06-12T10:29:01+00:00","dateModified":"2026-02-20T19:37:24+00:00","description":"Descubre tratamientos m\u00e9dicos y quir\u00fargicos personalizados que integran artesan\u00eda y ciencia en Attica Clinic. Soluciones de salud y belleza \u00fanicas.","breadcrumb":{"@id":"https:\/\/atelierlyo.com\/en\/soluciones\/#breadcrumb"},"inLanguage":"en-US","potentialAction":[{"@type":"ReadAction","target":["https:\/\/atelierlyo.com\/en\/soluciones\/"]}]},{"@type":"BreadcrumbList","@id":"https:\/\/atelierlyo.com\/en\/soluciones\/#breadcrumb","itemListElement":[{"@type":"ListItem","position":1,"name":"Portada","item":"https:\/\/atelierlyo.com\/en\/"},{"@type":"ListItem","position":2,"name":"Soluciones"}]},{"@type":"WebSite","@id":"https:\/\/atelierlyo.com\/en\/#website","url":"https:\/\/atelierlyo.com\/en\/","name":"Attica Clinic","description":"","publisher":{"@id":"https:\/\/atelierlyo.com\/en\/#organization"},"potentialAction":[{"@type":"SearchAction","target":{"@type":"EntryPoint","urlTemplate":"https:\/\/atelierlyo.com\/en\/?s={search_term_string}"},"query-input":{"@type":"PropertyValueSpecification","valueRequired":true,"valueName":"search_term_string"}}],"inLanguage":"en-US"},{"@type":"Organization","@id":"https:\/\/atelierlyo.com\/en\/#organization","name":"Attica Clinic","url":"https:\/\/atelierlyo.com\/en\/","logo":{"@type":"ImageObject","inLanguage":"en-US","@id":"https:\/\/atelierlyo.com\/en\/#\/schema\/logo\/image\/","url":"https:\/\/atelierlyo.com\/wp-content\/uploads\/2024\/12\/Leonardo_Phoenix_Un_logo_minimalista_para_Attica_Clinic_empres_0.jpg","contentUrl":"https:\/\/atelierlyo.com\/wp-content\/uploads\/2024\/12\/Leonardo_Phoenix_Un_logo_minimalista_para_Attica_Clinic_empres_0.jpg","width":768,"height":768,"caption":"Attica Clinic"},"image":{"@id":"https:\/\/atelierlyo.com\/en\/#\/schema\/logo\/image\/"}}]}},"_links":{"self":[{"href":"https:\/\/atelierlyo.com\/en\/wp-json\/wp\/v2\/pages\/1331","targetHints":{"allow":["GET"]}}],"collection":[{"href":"https:\/\/atelierlyo.com\/en\/wp-json\/wp\/v2\/pages"}],"about":[{"href":"https:\/\/atelierlyo.com\/en\/wp-json\/wp\/v2\/types\/page"}],"author":[{"embeddable":true,"href":"https:\/\/atelierlyo.com\/en\/wp-json\/wp\/v2\/users\/1"}],"replies":[{"embeddable":true,"href":"https:\/\/atelierlyo.com\/en\/wp-json\/wp\/v2\/comments?post=1331"}],"version-history":[{"count":7,"href":"https:\/\/atelierlyo.com\/en\/wp-json\/wp\/v2\/pages\/1331\/revisions"}],"predecessor-version":[{"id":1659,"href":"https:\/\/atelierlyo.com\/en\/wp-json\/wp\/v2\/pages\/1331\/revisions\/1659"}],"wp:attachment":[{"href":"https:\/\/atelierlyo.com\/en\/wp-json\/wp\/v2\/media?parent=1331"}],"curies":[{"name":"wp","href":"https:\/\/api.w.org\/{rel}","templated":true}]}}