{"id":1347,"date":"2025-06-12T10:30:04","date_gmt":"2025-06-12T10:30:04","guid":{"rendered":"https:\/\/atelierlyo.com\/tratamientos-quirurgicos\/"},"modified":"2026-02-20T19:42:19","modified_gmt":"2026-02-20T19:42:19","slug":"tratamientos-quirurgicos","status":"publish","type":"page","link":"https:\/\/atelierlyo.com\/en\/tratamientos-quirurgicos\/","title":{"rendered":"Tratamientos quir\u00fargicos"},"content":{"rendered":"<section class=\"header_15_3 background-1-dark\" id=\"\" data-block-id=\"69dcec83b9d8169dcec83b9d82\" data-block-name=\"acf\/header-15-3\" data-post-id=\"1347\" data-stable-id=\"block_00a5cd813ea242c61dd84d0dd1cf983b\">\r\n    <div class=\"container\" data-aos=\"fade-up\">\r\n        <div class=\"row\">\r\n            <div class=\"col \">\r\n                                <h1 class=\"tamano2 color-2-headings-light\">Tratamientos quir\u00fargicos<\/h1>\r\n                                            <\/div>\r\n        <\/div>\r\n    <\/div>\r\n<\/section>\r\n<style>\r\n    .header_15_3 .col {\r\n        max-width: 895px;\r\n    }\r\n\r\n    .header_15_3 .mask {\r\n        background: rgba(18, 18, 18, 0.50);\r\n        position: absolute;\r\n        top: 0;\r\n        left: 0;\r\n        width: 100%;\r\n        height: 100%;\r\n    }\r\n\r\n    .header_15_3 h1 {\r\n        padding-bottom: 25px;\r\n    }\r\n\r\n    .header_15_3 {\r\n        position: relative;\r\n        min-height: 500px;\r\n        padding: 150px 0;\r\n        display: flex;\r\n        align-items: center;\r\n        padding-top: 195px\r\n    }\r\n\r\n    .header_15_3-center {\r\n        text-align: center;\r\n        margin: 0 auto;\r\n    }\r\n\r\n    @media (max-width:992px) {\r\n        .header_15_3 {\r\n            padding: 100px 0;\r\n            min-height: auto;\r\n        }\r\n    }\r\n\r\n    @media (max-width:768px) {\r\n        .header_15_3 h1 {\r\n            line-height: var(--tamano3-line-height);\r\n        }\r\n    }\r\n<\/style>\r\n<section class=\"bloques_child_curvy1_2_2_3 background-1-dark\" data-block-id=\"69dcec83bb46369dcec83bb464\" data-block-name=\"acf\/services-child-curvy1-2-2-3\" data-post-id=\"1347\" data-stable-id=\"block_7b77a9001c3984f58e65207d11906be8\">\r\n        <div class=\"subbloque_child_curvy1_2_2_3 \">\r\n        <div class=\"container\">\r\n            <div class=\"row\">\r\n                <div class=\"col col-imagen\">\r\n                    <img decoding=\"async\" src=\"\">\r\n                <\/div>\r\n                <div class=\"col col-texto\">\r\n                                        <h3 class=\"tamano3 color-2-headings-light\">Lorem ipsum dolor sit amet<\/h3>\r\n                                                            <div class=\"texto tamano7 color-2-body-light\"><p>Lorem ipsum dolor sit amet consectetur. Faucibus malesuada quis nisl urna. Pharetra sollicitudin eget sit enim. Cras enim sed est in tellus sit. Quis scelerisque eu tellus mauris justo quisque pretium iaculis nisl. Id ut orci quis tellus condimentum. Mus lacus vulputate quam in auctor vel lobortis. Euismod neque adipiscing tellus maecenas.<\/p>\n<p>Lorem ipsum dolor sit amet consectetur. <\/p>\n<p>Aliquam habitasse metus dictum ullamcorper lobortis aliquet est risus tempor. Ut consequat aliquet porta mattis lacus. <\/p>\n<p>Eget ipsum netus egestas leo consequat. Lectus velit at in ullamcorper. Et rutrum lectus id non consectetur ultrices enim fermentum sagittis.<\/p>\n<\/div>\r\n                                                            <a class=\"btn-round tamano-7-mediumcta color-boton-3-texto-normal color-boton-3-texto-hover color-boton-3-normal color-boton-3-hover\"\r\n                        href=\"#\" target=\"\">Lorem ipsum<\/a>\r\n                                    <\/div>\r\n            <\/div>\r\n        <\/div>\r\n    <\/div>\r\n    <\/div>\r\n        <div class=\"subbloque_child_curvy1_2_2_3 \">\r\n        <div class=\"container\">\r\n            <div class=\"row\">\r\n                <div class=\"col col-imagen\">\r\n                    <img decoding=\"async\" src=\"\">\r\n                <\/div>\r\n                <div class=\"col col-texto\">\r\n                                        <h3 class=\"tamano3 color-2-headings-light\">Lorem ipsum dolor sit amet<\/h3>\r\n                                                            <div class=\"texto tamano7 color-2-body-light\"><p>Lorem ipsum dolor sit amet consectetur. Faucibus malesuada quis nisl urna. Pharetra sollicitudin eget sit enim. Cras enim sed est in tellus sit. Quis scelerisque eu tellus mauris justo quisque pretium iaculis nisl. Id ut orci quis tellus condimentum. Mus lacus vulputate quam in auctor vel lobortis. Euismod neque adipiscing tellus maecenas.<\/p>\n<p>Lorem ipsum dolor sit amet consectetur. <\/p>\n<p>Aliquam habitasse metus dictum ullamcorper lobortis aliquet est risus tempor. Ut consequat aliquet porta mattis lacus. <\/p>\n<p>Eget ipsum netus egestas leo consequat. Lectus velit at in ullamcorper. Et rutrum lectus id non consectetur ultrices enim fermentum sagittis.<\/p>\n<\/div>\r\n                                                            <a class=\"btn-round tamano-7-mediumcta color-boton-3-texto-normal color-boton-3-texto-hover color-boton-3-normal color-boton-3-hover\"\r\n                        href=\"#\" target=\"\">Lorem ipsum<\/a>\r\n                                    <\/div>\r\n            <\/div>\r\n        <\/div>\r\n    <\/div>\r\n    <\/div>\r\n    <\/section>\r\n<style>\r\n    .bloques_child_curvy1_2_2_3 .subbloque_child_curvy1_2_2_3 .texto *:not(:last-child) {\r\n        padding-bottom: 20px;\r\n    }\r\n\r\n    .bloques_child_curvy1_2_2_3 .subbloque_child_curvy1_2_2_3 .texto {\r\n        padding-bottom: 35px;\r\n    }\r\n\r\n    .bloques_child_curvy1_2_2_3 .subbloque_child_curvy1_2_2_3 h3 {\r\n        padding-bottom: 25px;\r\n    }\r\n\r\n    .bloques_child_curvy1_2_2_3 .subbloque_child_curvy1_2_2_3 .row .col-texto {\r\n        width: 33.33%;\r\n    }\r\n\r\n    .bloques_child_curvy1_2_2_3 .subbloque_child_curvy1_2_2_3 .row .col-imagen img {\r\n        border-radius: 30px;\r\n    }\r\n\r\n    .bloques_child_curvy1_2_2_3 .subbloque_child_curvy1_2_2_3 .row .col-imagen {\r\n        width: 50%;\r\n    }\r\n\r\n    .bloques_child_curvy1_2_2_3 .subbloque_child_curvy1_2_2_3:nth-child(even) .row {\r\n        flex-direction: row-reverse;\r\n    }\r\n\r\n    .bloques_child_curvy1_2_2_3 .subbloque_child_curvy1_2_2_3 .row {\r\n        display: flex;\r\n        align-items: center;\r\n        gap: 8.33%;\r\n    }\r\n\r\n    .iconos_child_curvy1_2_2_3,\r\n    .bloques_child_curvy1_2_2_3 .subbloque_child_curvy1_2_2_3 {\r\n        padding: 80px 0;\r\n    }\r\n\r\n    .subbloque_child_curvy1_2_2_3 .btn-round {\r\n        border-radius: 60px;\r\n        padding: 12px 25px;\r\n        display: inline-block;\r\n        min-width: 175px;\r\n        text-align: center;\r\n        text-decoration: none;\r\n    }\r\n\r\n    .iconos_child_curvy1_2_2_3 .col-titulo h3 {\r\n        text-align: center;\r\n    }\r\n\r\n    .iconos_child_curvy1_2_2_3 .col-iconos .icono-item img {\r\n        max-width: 112px;\r\n        margin: 0 auto;\r\n    }\r\n\r\n    .iconos_child_curvy1_2_2_3 .col-iconos .icono-item .titulo {\r\n        text-align: center;\r\n    }\r\n\r\n    .iconos_child_curvy1_2_2_3 .col-iconos .icono-item {\r\n        display: flex;\r\n        flex-direction: column;\r\n        gap: 35px;\r\n        justify-content: center;\r\n        align-items: center;\r\n        width: calc(20% - 24px);\r\n    }\r\n\r\n    .iconos_child_curvy1_2_2_3 .col-iconos .icono-item .icono {\r\n        width: 60px;\r\n    }\r\n\r\n    .iconos_child_curvy1_2_2_3 .col-iconos {\r\n        display: flex;\r\n        align-items: flex-start;\r\n        flex-wrap: wrap;\r\n        gap: 30px;\r\n        justify-content: center;\r\n    }\r\n\r\n    .iconos_child_curvy1_2_2_3 .col-titulo {\r\n        padding-bottom: 80px;\r\n    }\r\n\r\n    @media (max-width:1550px) {\r\n        .bloques_child_curvy1_2_2_3 .subbloque_child_curvy1_2_2_3 .row {\r\n            gap: 75px;\r\n        }\r\n\r\n    }\r\n\r\n    @media (max-width:1350px) {\r\n        .bloques_child_curvy1_2_2_3 .subbloque_child_curvy1_2_2_3 .row .col-texto {\r\n            width: 50%;\r\n        }\r\n    }\r\n\r\n    @media (max-width:1250px) {\r\n        .bloques_child_curvy1_2_2_3 .subbloque_child_curvy1_2_2_3 .row {\r\n            gap: 0;\r\n        }\r\n    }\r\n\r\n    @media (max-width:992px) {\r\n        .iconos_child_curvy1_2_2_3 .col-iconos .icono-item {\r\n            width: calc(50% - 15px);\r\n        }\r\n\r\n        .bloques_child_curvy1_2_2_3 .subbloque_child_curvy1_2_2_3 .row>.col {\r\n            width: 100%;\r\n        }\r\n\r\n        .bloques_child_curvy1_2_2_3 .subbloque_child_curvy1_2_2_3:nth-child(even) .row,\r\n        .bloques_child_curvy1_2_2_3 .subbloque_child_curvy1_2_2_3 .row {\r\n            flex-direction: column;\r\n            gap: 30px;\r\n        }\r\n\r\n        .iconos_child_curvy1_2_2_3,\r\n        .bloques_child_curvy1_2_2_3 .subbloque_child_curvy1_2_2_3 {\r\n            padding: 40px 0;\r\n        }\r\n    }\r\n\r\n    @media (max-width:480px) {\r\n        .iconos_child_curvy1_2_2_3 .col-iconos .icono-item {\r\n            width: 100%;\r\n        }\r\n    }\r\n<\/style>\r\n<section class=\"cta_curvy1_3_2_2 background-1-dark\" id=\"\" data-block-id=\"69dcec83be98369dcec83be984\" data-block-name=\"acf\/cta-curvy1-3-2-2\" data-post-id=\"1347\" data-stable-id=\"block_2683fd510c4ee1d18b0b29936d221bcf\">\r\n    <div class=\"container\">\r\n        <div class=\"row\">\r\n            <div class=\"col\">\r\n                <div class=\"inner background-1-light\">\r\n                                        <div class=\"titulo\">\r\n                        <h2 class=\"tamano3 color-1-headings-dark\">Lorem ipsum dolor sit amet<\/h2>\r\n                    <\/div>\r\n                                                            <div class=\"texto color-1-body-dark tamano7\"><p>Lorem ipsum dolor sit amet consectetur. Amet id dignissim id accumsan. Consequat feugiat ultrices ut tristique et proin. Vulputate diam quis nisl commodo. Quis tincidunt non quis sodales. Quis sed velit id arcu aenean.<\/p>\n<\/div>\r\n                    \r\n                                            <div class=\"ctas\">\r\n                                                            <a href=\"#\" target=\"\" class=\"btn-round tamano-7-mediumcta color-boton-1-texto-normal color-boton-1-texto-hover color-boton-1-normal color-boton-1-hover\">\r\n    \r\n    <span>Lorem ipsum<\/span>\r\n<\/a>\r\n\r\n<style>\r\n    .btn-border-rounded {\r\n        border-radius: 12px !important;\r\n    }\r\n\r\n    .btn-border-square {\r\n        border-radius: 0 !important;\r\n    }\r\n\r\n    \/* Estilos de hover *\/\r\n    .btn-hover-hover1:hover {\r\n        filter: contrast(0.55);\r\n    }\r\n\r\n    .btn-hover-hover2:hover {\r\n        filter: sepia(2);\r\n    }\r\n\r\n    \/* Estilos del icono cuando existe *\/\r\n    a i {\r\n        margin-right: 8px;\r\n        font-size: 16px;\r\n    }\r\n\r\n    \/* Icono Lucide *\/\r\n    .btn-icon--lucide {\r\n        display: inline-flex;\r\n        align-items: center;\r\n        justify-content: center;\r\n        margin-right: 8px;\r\n    }\r\n\r\n    .btn-icon--lucide svg {\r\n        width: 16px;\r\n        height: 16px;\r\n        display: block;\r\n    }\r\n<\/style>\r\n                                                    <\/div>\r\n                                    <\/div>\r\n            <\/div>\r\n        <\/div>\r\n    <\/div>\r\n<\/section>\r\n<style>\r\n    .cta_curvy1_3_2_2 .inner {\r\n        display: flex;\r\n        gap: 30px;\r\n        border-radius: 30px;\r\n        align-items: center;\r\n        padding: 55px 150px;\r\n        justify-content: space-between;\r\n    }\r\n\r\n     .cta_curvy1_3_2_2 .titulo {\r\n        max-width: 430px;\r\n        width: 100%;\r\n    }\r\n\r\n    .cta_curvy1_3_2_2 .texto {\r\n        max-width: 660px;\r\n        text-align: left;\r\n        width: 100%;\r\n    }\r\n\r\n    .cta_curvy1_3_2_2 {\r\n        padding: 80px 0;\r\n        position: relative;\r\n    }\r\n\r\n    .cta_curvy1_3_2_2 .btn-round {\r\n        border-radius: 60px;\r\n        padding: 15px 30px;\r\n        display: inline-block;\r\n        text-align: center;\r\n        transition: all ease .3s;\r\n        text-decoration: none;\r\n        min-width: 278px;\r\n        display: flex;\r\n        align-items: center;\r\n        justify-content: center;\r\n    }\r\n\r\n    @media (max-width:1750px) {\r\n        .cta_curvy1_3_2_2 .texto {\r\n            max-width: 500px;\r\n        }\r\n    }\r\n\r\n    @media (max-width:1600px) {\r\n        .cta_curvy1_3_2_2 .inner {\r\n            padding-left: 50px;\r\n            padding-right: 50px;\r\n        }\r\n    }\r\n\r\n    @media (max-width:1400px) {\r\n        .cta_curvy1_3_2_2 .texto {\r\n            max-width: 100%;\r\n        }\r\n\r\n        .cta_curvy1_3_2_2 .titulo {\r\n            width: 100%;\r\n        }\r\n    }\r\n\r\n    @media (max-width:1200px) {\r\n        .cta_curvy1_3_2_2 .inner {\r\n            padding-left: 15px;\r\n            padding-right: 15px;\r\n        }\r\n    }\r\n\r\n    @media (max-width:992px) {\r\n        .cta_curvy1_3_2_2 .col .inner {\r\n            border-radius: 30px;\r\n            flex-direction: column;\r\n            align-items: center;\r\n            justify-content: center;\r\n        }\r\n\r\n         .cta_curvy1_3_2_2 .col .inner>* {\r\n            width: 100%;\r\n            max-width: 100%;\r\n            text-align: center;\r\n        }\r\n\r\n        .cta_curvy1_3_2_2 .col .ctas {\r\n            display: flex;\r\n            align-items: center;\r\n            justify-content: center;\r\n        }\r\n\r\n        .cta_curvy1_3_2_2 .col {\r\n            flex-direction: column;\r\n            justify-content: center;\r\n            align-items: center;\r\n        }\r\n\r\n        .cta_curvy1_3_2_2 {\r\n            padding: 40px 0;\r\n        }\r\n    }\r\n<\/style>\r\n","protected":false},"excerpt":{"rendered":"","protected":false},"author":1,"featured_media":0,"parent":0,"menu_order":0,"comment_status":"open","ping_status":"closed","template":"","meta":{"_acf_changed":false,"iawp_total_views":0,"footnotes":""},"class_list":["post-1347","page","type-page","status-publish","hentry"],"acf":[],"yoast_head":"<!-- This site is optimized with the Yoast SEO plugin v27.3 - https:\/\/yoast.com\/product\/yoast-seo-wordpress\/ -->\n<title>Tratamientos Quir\u00fargicos en Attica Clinic<\/title>\n<meta name=\"description\" content=\"Descubre opciones avanzadas de tratamientos quir\u00fargicos. En Attica Clinic, mejoramos tu bienestar y salud con t\u00e9cnicas innovadoras y personalizadas.\" \/>\n<meta name=\"robots\" content=\"index, follow, max-snippet:-1, max-image-preview:large, max-video-preview:-1\" \/>\n<link rel=\"canonical\" href=\"https:\/\/atelierlyo.com\/en\/tratamientos-quirurgicos\/\" \/>\n<meta property=\"og:locale\" content=\"en_US\" \/>\n<meta property=\"og:type\" content=\"article\" \/>\n<meta property=\"og:title\" content=\"Tratamientos Quir\u00fargicos en Attica Clinic\" \/>\n<meta property=\"og:description\" content=\"Descubre opciones avanzadas de tratamientos quir\u00fargicos. En Attica Clinic, mejoramos tu bienestar y salud con t\u00e9cnicas innovadoras y personalizadas.\" \/>\n<meta property=\"og:url\" content=\"https:\/\/atelierlyo.com\/en\/tratamientos-quirurgicos\/\" \/>\n<meta property=\"og:site_name\" content=\"Attica Clinic\" \/>\n<meta property=\"article:modified_time\" content=\"2026-02-20T19:42:19+00:00\" \/>\n<meta name=\"twitter:card\" content=\"summary_large_image\" \/>\n<!-- \/ Yoast SEO plugin. -->","yoast_head_json":{"title":"Tratamientos Quir\u00fargicos en Attica Clinic","description":"Descubre opciones avanzadas de tratamientos quir\u00fargicos. En Attica Clinic, mejoramos tu bienestar y salud con t\u00e9cnicas innovadoras y personalizadas.","robots":{"index":"index","follow":"follow","max-snippet":"max-snippet:-1","max-image-preview":"max-image-preview:large","max-video-preview":"max-video-preview:-1"},"canonical":"https:\/\/atelierlyo.com\/en\/tratamientos-quirurgicos\/","og_locale":"en_US","og_type":"article","og_title":"Tratamientos Quir\u00fargicos en Attica Clinic","og_description":"Descubre opciones avanzadas de tratamientos quir\u00fargicos. En Attica Clinic, mejoramos tu bienestar y salud con t\u00e9cnicas innovadoras y personalizadas.","og_url":"https:\/\/atelierlyo.com\/en\/tratamientos-quirurgicos\/","og_site_name":"Attica Clinic","article_modified_time":"2026-02-20T19:42:19+00:00","twitter_card":"summary_large_image","schema":{"@context":"https:\/\/schema.org","@graph":[{"@type":"WebPage","@id":"https:\/\/atelierlyo.com\/en\/tratamientos-quirurgicos\/","url":"https:\/\/atelierlyo.com\/en\/tratamientos-quirurgicos\/","name":"Tratamientos Quir\u00fargicos en Attica Clinic","isPartOf":{"@id":"https:\/\/atelierlyo.com\/en\/#website"},"datePublished":"2025-06-12T10:30:04+00:00","dateModified":"2026-02-20T19:42:19+00:00","description":"Descubre opciones avanzadas de tratamientos quir\u00fargicos. En Attica Clinic, mejoramos tu bienestar y salud con t\u00e9cnicas innovadoras y personalizadas.","breadcrumb":{"@id":"https:\/\/atelierlyo.com\/en\/tratamientos-quirurgicos\/#breadcrumb"},"inLanguage":"en-US","potentialAction":[{"@type":"ReadAction","target":["https:\/\/atelierlyo.com\/en\/tratamientos-quirurgicos\/"]}]},{"@type":"BreadcrumbList","@id":"https:\/\/atelierlyo.com\/en\/tratamientos-quirurgicos\/#breadcrumb","itemListElement":[{"@type":"ListItem","position":1,"name":"Portada","item":"https:\/\/atelierlyo.com\/en\/"},{"@type":"ListItem","position":2,"name":"Tratamientos quir\u00fargicos"}]},{"@type":"WebSite","@id":"https:\/\/atelierlyo.com\/en\/#website","url":"https:\/\/atelierlyo.com\/en\/","name":"Attica Clinic","description":"","publisher":{"@id":"https:\/\/atelierlyo.com\/en\/#organization"},"potentialAction":[{"@type":"SearchAction","target":{"@type":"EntryPoint","urlTemplate":"https:\/\/atelierlyo.com\/en\/?s={search_term_string}"},"query-input":{"@type":"PropertyValueSpecification","valueRequired":true,"valueName":"search_term_string"}}],"inLanguage":"en-US"},{"@type":"Organization","@id":"https:\/\/atelierlyo.com\/en\/#organization","name":"Attica Clinic","url":"https:\/\/atelierlyo.com\/en\/","logo":{"@type":"ImageObject","inLanguage":"en-US","@id":"https:\/\/atelierlyo.com\/en\/#\/schema\/logo\/image\/","url":"https:\/\/atelierlyo.com\/wp-content\/uploads\/2024\/12\/Leonardo_Phoenix_Un_logo_minimalista_para_Attica_Clinic_empres_0.jpg","contentUrl":"https:\/\/atelierlyo.com\/wp-content\/uploads\/2024\/12\/Leonardo_Phoenix_Un_logo_minimalista_para_Attica_Clinic_empres_0.jpg","width":768,"height":768,"caption":"Attica Clinic"},"image":{"@id":"https:\/\/atelierlyo.com\/en\/#\/schema\/logo\/image\/"}}]}},"_links":{"self":[{"href":"https:\/\/atelierlyo.com\/en\/wp-json\/wp\/v2\/pages\/1347","targetHints":{"allow":["GET"]}}],"collection":[{"href":"https:\/\/atelierlyo.com\/en\/wp-json\/wp\/v2\/pages"}],"about":[{"href":"https:\/\/atelierlyo.com\/en\/wp-json\/wp\/v2\/types\/page"}],"author":[{"embeddable":true,"href":"https:\/\/atelierlyo.com\/en\/wp-json\/wp\/v2\/users\/1"}],"replies":[{"embeddable":true,"href":"https:\/\/atelierlyo.com\/en\/wp-json\/wp\/v2\/comments?post=1347"}],"version-history":[{"count":11,"href":"https:\/\/atelierlyo.com\/en\/wp-json\/wp\/v2\/pages\/1347\/revisions"}],"predecessor-version":[{"id":1671,"href":"https:\/\/atelierlyo.com\/en\/wp-json\/wp\/v2\/pages\/1347\/revisions\/1671"}],"wp:attachment":[{"href":"https:\/\/atelierlyo.com\/en\/wp-json\/wp\/v2\/media?parent=1347"}],"curies":[{"name":"wp","href":"https:\/\/api.w.org\/{rel}","templated":true}]}}